{"id":177,"date":"2023-02-15T16:20:30","date_gmt":"2023-02-15T15:20:30","guid":{"rendered":"https:\/\/test.canaluminair.com\/?page_id=177"},"modified":"2023-04-03T16:44:24","modified_gmt":"2023-04-03T14:44:24","slug":"kraje-obslugiwane-przez-sklep","status":"publish","type":"page","link":"https:\/\/canaluminair.com\/pl\/kraje-obslugiwane-przez-sklep\/","title":{"rendered":"Kraje obs\u0142ugiwane przez sklep"},"content":{"rendered":"\n<div class=\"wp-block-group alignfull\"><div class=\"wp-block-group__inner-container is-layout-flow wp-block-group-is-layout-flow\">\n<p class=\"has-medium-font-size\">Albania, Andora, Anglia, Austria, Bia\u0142oru\u015b, Belgia, Bo\u015bnia i Hercegowina, Bu\u0142garia, Chorwacja, Cypr, Czarnog\u00f3ra, Czechy, Dania, Estonia, Finlandia, Francja, Grecja, Hiszpania, Holandia, Irlandia, Islandia, Kazachstan, Liechtenstein, Litwa, Luksemburg, \u0141otwa, Malta, Mo\u0142dawia, Monako, Niemcy, Norwegia, Polska, Portugalia, Rumunia, San Marino, Serbia, S\u0142owacja, S\u0142owenia, Szwajcaria, Szwecja, Turcja, Ukraina, W\u0119gry, W\u0142ochy.<\/p>\n\n\n\n<hr class=\"wp-block-separator has-alpha-channel-opacity\"\/>\n\n\n\n<p class=\"has-medium-font-size\"><strong>Twojego kraju nie ma na li\u015bcie? Napisz do nas:<\/strong><\/p>\n\n\n\n<p><em>Ameryka P\u00f3\u0142nocna, Ameryka Po\u0142udniowa, Afryka<\/em><\/p>\n\n\n\n<p><a href=\"void(0);\" target=\"_blank\" rel=\"noreferrer noopener\">info@canaluminair.com<\/a><\/p>\n\n\n\n<p><em>Bliski Wsch\u00f3d<\/em><\/p>\n\n\n\n<p><a href=\"void(0);\" target=\"_blank\" rel=\"noreferrer noopener\">info@canaluminair.com<\/a>&nbsp;<\/p>\n<\/div><\/div>\n","protected":false},"excerpt":{"rendered":"<p>Albania, Andora, Anglia, Austria, Bia\u0142oru\u015b, Belgia, Bo\u015bnia i Hercegowina, Bu\u0142garia, Chorwacja, Cypr, Czarnog\u00f3ra, Czechy, Dania, Estonia, Finlandia, Francja, Grecja, Hiszpania, Holandia, Irlandia, Islandia, Kazachstan, Liechtenstein, Litwa, Luksemburg, \u0141otwa, Malta, Mo\u0142dawia, Monako, Niemcy, Norwegia, Polska, Portugalia, Rumunia, San Marino, Serbia, S\u0142owacja, S\u0142owenia, Szwajcaria, Szwecja, Turcja, Ukraina, W\u0119gry, W\u0142ochy. Twojego kraju nie ma na li\u015bcie? Napisz do [&hellip;]<\/p>\n","protected":false},"author":1,"featured_media":0,"parent":0,"menu_order":0,"comment_status":"closed","ping_status":"closed","template":"","meta":{"footnotes":""},"class_list":["post-177","page","type-page","status-publish","hentry"],"yoast_head":"<!-- This site is optimized with the Yoast SEO plugin v26.1.1 - https:\/\/yoast.com\/wordpress\/plugins\/seo\/ -->\n<title>Kraje obs\u0142ugiwane przez sklep - Canaluminair Shop<\/title>\n<meta name=\"robots\" content=\"index, follow, max-snippet:-1, max-image-preview:large, max-video-preview:-1\" \/>\n<link rel=\"canonical\" href=\"https:\/\/canaluminair.com\/pl\/kraje-obslugiwane-przez-sklep\/\" \/>\n<meta property=\"og:locale\" content=\"pl_PL\" \/>\n<meta property=\"og:type\" content=\"article\" \/>\n<meta property=\"og:title\" content=\"Kraje obs\u0142ugiwane przez sklep - Canaluminair Shop\" \/>\n<meta property=\"og:description\" content=\"Albania, Andora, Anglia, Austria, Bia\u0142oru\u015b, Belgia, Bo\u015bnia i Hercegowina, Bu\u0142garia, Chorwacja, Cypr, Czarnog\u00f3ra, Czechy, Dania, Estonia, Finlandia, Francja, Grecja, Hiszpania, Holandia, Irlandia, Islandia, Kazachstan, Liechtenstein, Litwa, Luksemburg, \u0141otwa, Malta, Mo\u0142dawia, Monako, Niemcy, Norwegia, Polska, Portugalia, Rumunia, San Marino, Serbia, S\u0142owacja, S\u0142owenia, Szwajcaria, Szwecja, Turcja, Ukraina, W\u0119gry, W\u0142ochy. Twojego kraju nie ma na li\u015bcie? Napisz do [&hellip;]\" \/>\n<meta property=\"og:url\" content=\"https:\/\/canaluminair.com\/pl\/kraje-obslugiwane-przez-sklep\/\" \/>\n<meta property=\"og:site_name\" content=\"Canaluminair Shop\" \/>\n<meta property=\"article:modified_time\" content=\"2023-04-03T14:44:24+00:00\" \/>\n<meta name=\"twitter:card\" content=\"summary_large_image\" \/>\n<script type=\"application\/ld+json\" class=\"yoast-schema-graph\">{\"@context\":\"https:\/\/schema.org\",\"@graph\":[{\"@type\":\"WebPage\",\"@id\":\"https:\/\/canaluminair.com\/pl\/kraje-obslugiwane-przez-sklep\/\",\"url\":\"https:\/\/canaluminair.com\/pl\/kraje-obslugiwane-przez-sklep\/\",\"name\":\"Kraje obs\u0142ugiwane przez sklep - Canaluminair Shop\",\"isPartOf\":{\"@id\":\"https:\/\/canaluminair.com\/#website\"},\"datePublished\":\"2023-02-15T15:20:30+00:00\",\"dateModified\":\"2023-04-03T14:44:24+00:00\",\"breadcrumb\":{\"@id\":\"https:\/\/canaluminair.com\/pl\/kraje-obslugiwane-przez-sklep\/#breadcrumb\"},\"inLanguage\":\"pl-PL\",\"potentialAction\":[{\"@type\":\"ReadAction\",\"target\":[\"https:\/\/canaluminair.com\/pl\/kraje-obslugiwane-przez-sklep\/\"]}]},{\"@type\":\"BreadcrumbList\",\"@id\":\"https:\/\/canaluminair.com\/pl\/kraje-obslugiwane-przez-sklep\/#breadcrumb\",\"itemListElement\":[{\"@type\":\"ListItem\",\"position\":1,\"name\":\"Home\",\"item\":\"https:\/\/canaluminair.com\/pl\/\"},{\"@type\":\"ListItem\",\"position\":2,\"name\":\"Kraje obs\u0142ugiwane przez sklep\"}]},{\"@type\":\"WebSite\",\"@id\":\"https:\/\/canaluminair.com\/#website\",\"url\":\"https:\/\/canaluminair.com\/\",\"name\":\"Canaluminair Shop\",\"description\":\"\",\"potentialAction\":[{\"@type\":\"SearchAction\",\"target\":{\"@type\":\"EntryPoint\",\"urlTemplate\":\"https:\/\/canaluminair.com\/?s={search_term_string}\"},\"query-input\":{\"@type\":\"PropertyValueSpecification\",\"valueRequired\":true,\"valueName\":\"search_term_string\"}}],\"inLanguage\":\"pl-PL\"}]}<\/script>\n<!-- \/ Yoast SEO plugin. -->","yoast_head_json":{"title":"Kraje obs\u0142ugiwane przez sklep - Canaluminair Shop","robots":{"index":"index","follow":"follow","max-snippet":"max-snippet:-1","max-image-preview":"max-image-preview:large","max-video-preview":"max-video-preview:-1"},"canonical":"https:\/\/canaluminair.com\/pl\/kraje-obslugiwane-przez-sklep\/","og_locale":"pl_PL","og_type":"article","og_title":"Kraje obs\u0142ugiwane przez sklep - Canaluminair Shop","og_description":"Albania, Andora, Anglia, Austria, Bia\u0142oru\u015b, Belgia, Bo\u015bnia i Hercegowina, Bu\u0142garia, Chorwacja, Cypr, Czarnog\u00f3ra, Czechy, Dania, Estonia, Finlandia, Francja, Grecja, Hiszpania, Holandia, Irlandia, Islandia, Kazachstan, Liechtenstein, Litwa, Luksemburg, \u0141otwa, Malta, Mo\u0142dawia, Monako, Niemcy, Norwegia, Polska, Portugalia, Rumunia, San Marino, Serbia, S\u0142owacja, S\u0142owenia, Szwajcaria, Szwecja, Turcja, Ukraina, W\u0119gry, W\u0142ochy. Twojego kraju nie ma na li\u015bcie? Napisz do [&hellip;]","og_url":"https:\/\/canaluminair.com\/pl\/kraje-obslugiwane-przez-sklep\/","og_site_name":"Canaluminair Shop","article_modified_time":"2023-04-03T14:44:24+00:00","twitter_card":"summary_large_image","schema":{"@context":"https:\/\/schema.org","@graph":[{"@type":"WebPage","@id":"https:\/\/canaluminair.com\/pl\/kraje-obslugiwane-przez-sklep\/","url":"https:\/\/canaluminair.com\/pl\/kraje-obslugiwane-przez-sklep\/","name":"Kraje obs\u0142ugiwane przez sklep - Canaluminair Shop","isPartOf":{"@id":"https:\/\/canaluminair.com\/#website"},"datePublished":"2023-02-15T15:20:30+00:00","dateModified":"2023-04-03T14:44:24+00:00","breadcrumb":{"@id":"https:\/\/canaluminair.com\/pl\/kraje-obslugiwane-przez-sklep\/#breadcrumb"},"inLanguage":"pl-PL","potentialAction":[{"@type":"ReadAction","target":["https:\/\/canaluminair.com\/pl\/kraje-obslugiwane-przez-sklep\/"]}]},{"@type":"BreadcrumbList","@id":"https:\/\/canaluminair.com\/pl\/kraje-obslugiwane-przez-sklep\/#breadcrumb","itemListElement":[{"@type":"ListItem","position":1,"name":"Home","item":"https:\/\/canaluminair.com\/pl\/"},{"@type":"ListItem","position":2,"name":"Kraje obs\u0142ugiwane przez sklep"}]},{"@type":"WebSite","@id":"https:\/\/canaluminair.com\/#website","url":"https:\/\/canaluminair.com\/","name":"Canaluminair Shop","description":"","potentialAction":[{"@type":"SearchAction","target":{"@type":"EntryPoint","urlTemplate":"https:\/\/canaluminair.com\/?s={search_term_string}"},"query-input":{"@type":"PropertyValueSpecification","valueRequired":true,"valueName":"search_term_string"}}],"inLanguage":"pl-PL"}]}},"_links":{"self":[{"href":"https:\/\/canaluminair.com\/pl\/wp-json\/wp\/v2\/pages\/177","targetHints":{"allow":["GET"]}}],"collection":[{"href":"https:\/\/canaluminair.com\/pl\/wp-json\/wp\/v2\/pages"}],"about":[{"href":"https:\/\/canaluminair.com\/pl\/wp-json\/wp\/v2\/types\/page"}],"author":[{"embeddable":true,"href":"https:\/\/canaluminair.com\/pl\/wp-json\/wp\/v2\/users\/1"}],"replies":[{"embeddable":true,"href":"https:\/\/canaluminair.com\/pl\/wp-json\/wp\/v2\/comments?post=177"}],"version-history":[{"count":8,"href":"https:\/\/canaluminair.com\/pl\/wp-json\/wp\/v2\/pages\/177\/revisions"}],"predecessor-version":[{"id":264,"href":"https:\/\/canaluminair.com\/pl\/wp-json\/wp\/v2\/pages\/177\/revisions\/264"}],"wp:attachment":[{"href":"https:\/\/canaluminair.com\/pl\/wp-json\/wp\/v2\/media?parent=177"}],"curies":[{"name":"wp","href":"https:\/\/api.w.org\/{rel}","templated":true}]}}